{"id":96,"date":"2023-11-29T13:51:15","date_gmt":"2023-11-29T13:51:15","guid":{"rendered":"https:\/\/www.sp-formations.eu\/?page_id=96"},"modified":"2024-03-05T16:33:59","modified_gmt":"2024-03-05T16:33:59","slug":"qui-sommes-nous","status":"publish","type":"page","link":"https:\/\/www.sp-formations.eu\/index.php\/qui-sommes-nous\/","title":{"rendered":"Qui sommes nous ?"},"content":{"rendered":"<p>[et_pb_section fb_built=\u00a0\u00bb1&Prime; fullwidth=\u00a0\u00bbon\u00a0\u00bb admin_label=\u00a0\u00bbHero\u00a0\u00bb _builder_version=\u00a0\u00bb4.23.1&Prime; _module_preset=\u00a0\u00bbdefault\u00a0\u00bb module_alignment=\u00a0\u00bbcenter\u00a0\u00bb custom_margin=\u00a0\u00bb0px|0px|0px|0px|true|true\u00a0\u00bb custom_padding=\u00a0\u00bb0px|0px|0px|0px|true|true\u00a0\u00bb global_colors_info=\u00a0\u00bb{}\u00a0\u00bb][et_pb_fullwidth_header title=\u00a0\u00bbQui sommes nous ?\u00a0\u00bb text_orientation=\u00a0\u00bbcenter\u00a0\u00bb header_fullscreen=\u00a0\u00bbon\u00a0\u00bb header_scroll_down=\u00a0\u00bbon\u00a0\u00bb scroll_down_icon=\u00a0\u00bb%%5%%\u00a0\u00bb scroll_down_icon_color=\u00a0\u00bb#FFFFFF\u00a0\u00bb scroll_down_icon_size=\u00a0\u00bb100px\u00a0\u00bb image_orientation=\u00a0\u00bbbottom\u00a0\u00bb _builder_version=\u00a0\u00bb4.23.1&Prime; _module_preset=\u00a0\u00bbdefault\u00a0\u00bb title_font=\u00a0\u00bb|800||on|||||\u00a0\u00bb title_text_align=\u00a0\u00bbcenter\u00a0\u00bb title_text_color=\u00a0\u00bb#012D73&Prime; title_font_size=\u00a0\u00bb40px\u00a0\u00bb content_font=\u00a0\u00bb|700||on|||||\u00a0\u00bb content_text_align=\u00a0\u00bbcenter\u00a0\u00bb content_text_color=\u00a0\u00bb#FFFFFF\u00a0\u00bb content_font_size=\u00a0\u00bb20px\u00a0\u00bb subhead_font=\u00a0\u00bb|800||on|||||\u00a0\u00bb subhead_text_align=\u00a0\u00bbcenter\u00a0\u00bb subhead_text_color=\u00a0\u00bb#012D73&Prime; subhead_font_size=\u00a0\u00bb28px\u00a0\u00bb background_enable_color=\u00a0\u00bboff\u00a0\u00bb use_background_color_gradient=\u00a0\u00bbon\u00a0\u00bb background_color_gradient_type=\u00a0\u00bbcircular\u00a0\u00bb background_color_gradient_stops=\u00a0\u00bbrgba(255,255,255,0.2) 0%|rgba(255,255,255,0.2) 60%|rgba(230,65,48,0.2) 80%|#012d73 100%\u00a0\u00bb background_color_gradient_overlays_image=\u00a0\u00bbon\u00a0\u00bb background_image=\u00a0\u00bbhttps:\/\/images.pexels.com\/photos\/3184291\/pexels-photo-3184291.jpeg?auto=compress&#038;cs=tinysrgb&#038;w=1260&#038;h=750&#038;dpr=1&Prime; parallax=\u00a0\u00bbon\u00a0\u00bb parallax_method=\u00a0\u00bbon\u00a0\u00bb custom_button_one=\u00a0\u00bbon\u00a0\u00bb button_one_text_color=\u00a0\u00bb#E64130&Prime; button_one_bg_color=\u00a0\u00bb#FFFFFF\u00a0\u00bb button_one_border_color=\u00a0\u00bb#E64130&Prime; button_one_border_radius=\u00a0\u00bb10px\u00a0\u00bb button_one_font=\u00a0\u00bb|||on|||||\u00a0\u00bb button_one_icon=\u00a0\u00bb&#x45;||divi||400&Prime; button_one_icon_color=\u00a0\u00bb#012D73&Prime; custom_button_two=\u00a0\u00bbon\u00a0\u00bb button_two_text_color=\u00a0\u00bb#012D73&Prime; button_two_bg_color=\u00a0\u00bb#FFFFFF\u00a0\u00bb button_two_border_width=\u00a0\u00bb2px\u00a0\u00bb button_two_border_color=\u00a0\u00bb#012D73&Prime; button_two_border_radius=\u00a0\u00bb10px\u00a0\u00bb button_two_font=\u00a0\u00bb|||on|||||\u00a0\u00bb button_two_icon=\u00a0\u00bb&#x45;||divi||400&Prime; button_two_icon_color=\u00a0\u00bb#E64130&Prime; background_layout=\u00a0\u00bblight\u00a0\u00bb module_alignment=\u00a0\u00bbcenter\u00a0\u00bb custom_margin=\u00a0\u00bb0px|0px|0px|0px|true|true\u00a0\u00bb custom_padding=\u00a0\u00bb0px|0px|0px|0px|true|true\u00a0\u00bb custom_css_title=\u00a0\u00bbmargin-bottom : 10px;\u00a0\u00bb title_text_shadow_style=\u00a0\u00bbpreset3&Prime; title_text_shadow_color=\u00a0\u00bb#FFFFFF\u00a0\u00bb content_text_shadow_style=\u00a0\u00bbpreset3&Prime; content_text_shadow_color=\u00a0\u00bb#000000&Prime; subhead_text_shadow_style=\u00a0\u00bbpreset3&Prime; subhead_text_shadow_color=\u00a0\u00bb#FFFFFF\u00a0\u00bb border_radii_image=\u00a0\u00bbon|10px|10px|10px|10px\u00a0\u00bb border_width_all_image=\u00a0\u00bb1px\u00a0\u00bb border_color_all_image=\u00a0\u00bb#FFFFFF\u00a0\u00bb box_shadow_style_image=\u00a0\u00bbpreset1&Prime; box_shadow_vertical_image=\u00a0\u00bb0px\u00a0\u00bb box_shadow_blur_image=\u00a0\u00bb20px\u00a0\u00bb box_shadow_color_image=\u00a0\u00bb#000000&Prime; box_shadow_style_button_one=\u00a0\u00bbpreset1&Prime; box_shadow_vertical_button_one=\u00a0\u00bb0px\u00a0\u00bb box_shadow_blur_button_one=\u00a0\u00bb20px\u00a0\u00bb box_shadow_color_button_one=\u00a0\u00bb#000000&Prime; box_shadow_style_button_two=\u00a0\u00bbpreset1&Prime; box_shadow_vertical_button_two=\u00a0\u00bb0px\u00a0\u00bb box_shadow_blur_button_two=\u00a0\u00bb20px\u00a0\u00bb box_shadow_color_button_two=\u00a0\u00bb#000000&Prime; global_colors_info=\u00a0\u00bb{}\u00a0\u00bb]<\/p>\n<p>Fond\u00e9 en 2023, SP Formation a pour but de vous accompagner au mieux dans votre d\u00e9sir de formation afin de devenir l&rsquo;organisme de r\u00e9f\u00e9rence du param\u00e9dical et social.<\/p>\n<p>[\/et_pb_fullwidth_header][\/et_pb_section][et_pb_section fb_built=\u00a0\u00bb1&Prime; admin_label=\u00a0\u00bbAbout us\u00a0\u00bb _builder_version=\u00a0\u00bb4.23.1&Prime; _module_preset=\u00a0\u00bbdefault\u00a0\u00bb background_color=\u00a0\u00bb#FFFFFF\u00a0\u00bb module_alignment=\u00a0\u00bbcenter\u00a0\u00bb custom_margin=\u00a0\u00bb0px|0px|0px|0px|true|true\u00a0\u00bb custom_padding=\u00a0\u00bb0px|0px|0px|0px|true|true\u00a0\u00bb top_divider_color=\u00a0\u00bb#000000&Prime; bottom_divider_flip=\u00a0\u00bbvertical|horizontal\u00a0\u00bb global_colors_info=\u00a0\u00bb{}\u00a0\u00bb][et_pb_row use_custom_gutter=\u00a0\u00bbon\u00a0\u00bb gutter_width=\u00a0\u00bb1&Prime; make_equal=\u00a0\u00bbon\u00a0\u00bb _builder_version=\u00a0\u00bb4.23.1&Prime; _module_preset=\u00a0\u00bbdefault\u00a0\u00bb module_alignment=\u00a0\u00bbcenter\u00a0\u00bb custom_margin=\u00a0\u00bb0px|0px|0px|0px|true|true\u00a0\u00bb custom_padding=\u00a0\u00bb100px|0px|100px|0px|true|true\u00a0\u00bb global_colors_info=\u00a0\u00bb{}\u00a0\u00bb][et_pb_column type=\u00a0\u00bb4_4&Prime; _builder_version=\u00a0\u00bb4.23.1&Prime; _module_preset=\u00a0\u00bbdefault\u00a0\u00bb custom_padding=\u00a0\u00bb0px|0px|0px|0px|true|true\u00a0\u00bb global_colors_info=\u00a0\u00bb{}\u00a0\u00bb][et_pb_text _builder_version=\u00a0\u00bb4.23.1&Prime; _module_preset=\u00a0\u00bbdefault\u00a0\u00bb header_2_font=\u00a0\u00bb|800||on|||||\u00a0\u00bb header_2_text_align=\u00a0\u00bbcenter\u00a0\u00bb header_2_text_color=\u00a0\u00bb#E64130&Prime; header_2_font_size=\u00a0\u00bb40px\u00a0\u00bb module_alignment=\u00a0\u00bbcenter\u00a0\u00bb custom_margin=\u00a0\u00bb0px|0px|50px|0px|false|true\u00a0\u00bb custom_padding=\u00a0\u00bb0px|0px|0px|0px|true|true\u00a0\u00bb hover_enabled=\u00a0\u00bb0&Prime; global_colors_info=\u00a0\u00bb{}\u00a0\u00bb sticky_enabled=\u00a0\u00bb0&Prime;]<\/p>\n<h2>Vous accompagnez vers la r\u00e9ussite<\/h2>\n<h2>de vos objectifs de formation<\/h2>\n<p>[\/et_pb_text][et_pb_text _builder_version=\u00a0\u00bb4.23.1&Prime; _module_preset=\u00a0\u00bbdefault\u00a0\u00bb text_font=\u00a0\u00bb|600|||||||\u00a0\u00bb text_text_color=\u00a0\u00bb#012D73&Prime; text_line_height=\u00a0\u00bb1.5em\u00a0\u00bb header_2_font=\u00a0\u00bb|800||on|||||\u00a0\u00bb header_2_font_size=\u00a0\u00bb30px\u00a0\u00bb header_2_line_height=\u00a0\u00bb2em\u00a0\u00bb text_orientation=\u00a0\u00bbjustified\u00a0\u00bb module_alignment=\u00a0\u00bbcenter\u00a0\u00bb custom_margin=\u00a0\u00bb0px|0px|0px|0px|true|true\u00a0\u00bb custom_padding=\u00a0\u00bb0px|0px|0px|0px|true|true\u00a0\u00bb hover_enabled=\u00a0\u00bb0&Prime; global_colors_info=\u00a0\u00bb{}\u00a0\u00bb header_2_text_align=\u00a0\u00bbleft\u00a0\u00bb header_2_text_color=\u00a0\u00bb#E64130&Prime; sticky_enabled=\u00a0\u00bb0&Prime;]<\/p>\n<p>SP formations est un centre de formation sp\u00e9cialis\u00e9 dans la formation m\u00e9dico-sociale: Notre r\u00f4le est de vous pr\u00e9parer \u00e0 un concours, \u00e0 un m\u00e9tier ou \u00e0 un examen selon notre m\u00e9thode d\u2019enseignement p\u00e9dagogique savant m\u00e9lange entre connaissances th\u00e9oriques et exp\u00e9riences pratiques.<\/p>\n<h2>Notre chartre qualit\u00e9 :<\/h2>\n<ul>\n<li>L\u2019\u00e9valuation de vos besoins et de vos atouts<\/li>\n<li>L\u2019\u00e9coute de nos \u00e9l\u00e8ves<\/li>\n<li>Un enseignement adapt\u00e9 \u00e0 vos besoins avec des professionnels du secteur<\/li>\n<li>Des professeurs \u00e0 votre \u00e9coute tous les jours<\/li>\n<li>Des professeurs joignables en permanence par mail (en dehors des jours de cours)<\/li>\n<li>Des cours r\u00e9guli\u00e8rement mis \u00e0 jour<\/li>\n<li>Notre \u00e9quipe p\u00e9dagogique, compos\u00e9e de professionnels de la sant\u00e9 et d\u2019enseignants, a pour but de vous apporter toutes les comp\u00e9tences n\u00e9cessaires pour la r\u00e9ussite de votre projet<\/li>\n<\/ul>\n<h2>Pourquoi choisir SP FORMATION ?<\/h2>\n<p>SP FORMATION, est un organisme de formation d\u00e9di\u00e9 \u00e0 la formation de professionnels de la sant\u00e9, offrant des programmes innovants et ax\u00e9s sur la pratique. Notre mission est de fournir une \u00e9ducation de qualit\u00e9, en mettant l\u2019accent sur l\u2019acquisition de comp\u00e9tences pratiques et la pr\u00e9paration de nos apprenants pour des carri\u00e8res r\u00e9ussies dans le secteur m\u00e9dical.<\/p>\n<p>SP FORMATION offre un acc\u00e8s facile \u00e0 une formation pour les aspirants professionnels de la sant\u00e9.<br \/>Que vous soyez passionn\u00e9 par l&rsquo;assistance m\u00e9dicale, l&rsquo;ophtalmologie, la gestion administrative dans le secteur m\u00e9dical ou l&rsquo;assistance dentaire nous sommes pr\u00e9sents pour vous accompagner \u00e0 chaque \u00e9tape de votre formation.<\/p>\n<p>Nos programmes sont \u00e9labor\u00e9s par des \u00e9quipes p\u00e9dagogiques compos\u00e9es principalement de professionnels. L&rsquo;expertise de nos enseignants garantit que nos \u00e9tudiants b\u00e9n\u00e9ficient d&rsquo;une formation, align\u00e9e sur leurs besoins et selon les pratiques du secteur.<\/p>\n<h2>Une p\u00e9dagogie de terrain<\/h2>\n<p>Gr\u00e2ce \u00e0 nos formations en alternance, rejoignez les entreprises leaders du march\u00e9 et b\u00e9n\u00e9ficiez d&rsquo;une formation concr\u00e8te pour vous former \u00e0 votre futur m\u00e9tier.<\/p>\n<h2>Un financement pris en charge<\/h2>\n<p>En suivant nos cursus en alternance, vos frais de scolarit\u00e9 sont enti\u00e8rement financ\u00e9s par votre entreprise d\u2019accueil.<\/p>\n<p>Nous \u0153uvrons pour la r\u00e9ussite de nos \u00e9tudiants, cela se traduit par nos programmes de formations mis \u00e0 jour r\u00e9guli\u00e8rement , par le tutorat dont vous b\u00e9n\u00e9ficiez dans vos structures d\u2019accueil et par un suivi personnalis\u00e9 par notre r\u00e9f\u00e8rent p\u00e9dagogique.<\/p>\n<p>Nous sommes r\u00e9solus \u00e0 vous fournir les diff\u00e9rents \u00e9l\u00e9ments n\u00e9cessaires \u00e0 votre r\u00e9ussite et \u00e0 vous accompagner dans votre entr\u00e9e sur le march\u00e9 de l\u2019emploi.<\/p>\n<p>Notre engagement envers la r\u00e9ussite de nos \u00e9tudiants se manifeste \u00e0 travers nos programmes, des stages en milieu professionnel et un suivi personnalis\u00e9. Nous sommes d\u00e9termin\u00e9s \u00e0 vous fournir les outils n\u00e9cessaires pour exceller dans votre domaine d&rsquo;\u00e9tudes et pour entrer sur le march\u00e9 du travail en toute confiance.<\/p>\n<h2>Comment financer votre formation ?<\/h2>\n<ul>\n<li>Contrat d\u2019apprentissage ou de professionnalisation<\/li>\n<li>Possibilit\u00e9 d\u2019un \u00e9chelonnement des paiements des frais de scolarit\u00e9<\/li>\n<li>R\u00e9mun\u00e9ration en fonction de votre \u00e2ge et de votre niveau d\u2019exp\u00e9rience<\/li>\n<\/ul>\n<p style=\"text-align: left;\"><span style=\"text-decoration: underline;\">Contrat de professionnalisation :<\/span><\/p>\n<p>Le contrat de professionnalisation est un contrat de travail conclu entre un employeur et un salari\u00e9. Il permet l\u2019acquisition \u2013 dans le cadre de la formation continue \u2013 d\u2019une qualification professionnelle (dipl\u00f4me, titre, certificat de qualification professionnelle\u2026) reconnue par l\u2019\u00c9tat et\/ou la branche professionnelle. L\u2019objectif est l\u2019insertion ou le retour \u00e0 l\u2019emploi des jeunes et des adultes.<\/p>\n<p><span style=\"text-decoration: underline;\">Contrat D\u2019apprentissage :<\/span><\/p>\n<p>Le contrat d&rsquo;apprentissage est un contrat de travail \u00e9crit \u00e0 dur\u00e9e limit\u00e9e (CDL) ou \u00e0 dur\u00e9e ind\u00e9termin\u00e9e (CDI) entre un salari\u00e9 et un employeur. Il permet \u00e0 l&rsquo;apprenti de suivre une formation en alternance en entreprise sous la responsabilit\u00e9 d&rsquo;un ma\u00eetre d&rsquo;apprentissage et en centre de formation des apprentis (CFA) pendant 6 mois \u00e0 3 ans.<\/p>\n<p>[\/et_pb_text][\/et_pb_column][\/et_pb_row][\/et_pb_section][et_pb_section fb_built=\u00a0\u00bb1&Prime; disabled_on=\u00a0\u00bbon|on|on\u00a0\u00bb admin_label=\u00a0\u00bbAbout us\u00a0\u00bb _builder_version=\u00a0\u00bb4.23.1&Prime; _module_preset=\u00a0\u00bbdefault\u00a0\u00bb background_color=\u00a0\u00bb#FFFFFF\u00a0\u00bb module_alignment=\u00a0\u00bbcenter\u00a0\u00bb custom_margin=\u00a0\u00bb0px|0px|0px|0px|true|true\u00a0\u00bb custom_padding=\u00a0\u00bb0px|0px|0px|0px|true|true\u00a0\u00bb top_divider_color=\u00a0\u00bb#000000&Prime; bottom_divider_flip=\u00a0\u00bbvertical|horizontal\u00a0\u00bb disabled=\u00a0\u00bbon\u00a0\u00bb global_colors_info=\u00a0\u00bb{}\u00a0\u00bb][et_pb_row use_custom_gutter=\u00a0\u00bbon\u00a0\u00bb gutter_width=\u00a0\u00bb1&Prime; make_equal=\u00a0\u00bbon\u00a0\u00bb _builder_version=\u00a0\u00bb4.23.1&Prime; _module_preset=\u00a0\u00bbdefault\u00a0\u00bb module_alignment=\u00a0\u00bbcenter\u00a0\u00bb custom_margin=\u00a0\u00bb0px|0px|0px|0px|true|true\u00a0\u00bb custom_padding=\u00a0\u00bb100px|0px|100px|0px|true|true\u00a0\u00bb global_colors_info=\u00a0\u00bb{}\u00a0\u00bb][et_pb_column type=\u00a0\u00bb4_4&Prime; _builder_version=\u00a0\u00bb4.23.1&Prime; _module_preset=\u00a0\u00bbdefault\u00a0\u00bb custom_padding=\u00a0\u00bb0px|0px|0px|0px|true|true\u00a0\u00bb global_colors_info=\u00a0\u00bb{}\u00a0\u00bb][et_pb_text _builder_version=\u00a0\u00bb4.23.1&Prime; _module_preset=\u00a0\u00bbdefault\u00a0\u00bb header_2_font=\u00a0\u00bb|800||on|||||\u00a0\u00bb header_2_text_align=\u00a0\u00bbcenter\u00a0\u00bb header_2_text_color=\u00a0\u00bb#E64130&Prime; header_2_font_size=\u00a0\u00bb40px\u00a0\u00bb header_2_line_height=\u00a0\u00bb2em\u00a0\u00bb module_alignment=\u00a0\u00bbcenter\u00a0\u00bb custom_margin=\u00a0\u00bb0px|0px|0px|0px|true|true\u00a0\u00bb custom_padding=\u00a0\u00bb0px|0px|0px|0px|true|true\u00a0\u00bb global_colors_info=\u00a0\u00bb{}\u00a0\u00bb]<\/p>\n<h2>l&rsquo;Organisme de formation du Groupe Sant\u00e9 +<\/h2>\n<p>[\/et_pb_text][et_pb_text _builder_version=\u00a0\u00bb4.23.1&Prime; _module_preset=\u00a0\u00bbdefault\u00a0\u00bb text_font=\u00a0\u00bb|600|||||||\u00a0\u00bb text_text_color=\u00a0\u00bb#012D73&Prime; text_line_height=\u00a0\u00bb1.5em\u00a0\u00bb header_2_font=\u00a0\u00bb||||||||\u00a0\u00bb header_2_font_size=\u00a0\u00bb40px\u00a0\u00bb header_2_line_height=\u00a0\u00bb2em\u00a0\u00bb text_orientation=\u00a0\u00bbjustified\u00a0\u00bb module_alignment=\u00a0\u00bbcenter\u00a0\u00bb custom_margin=\u00a0\u00bb0px|0px|0px|0px|true|true\u00a0\u00bb custom_padding=\u00a0\u00bb0px|0px|0px|0px|true|true\u00a0\u00bb global_colors_info=\u00a0\u00bb{}\u00a0\u00bb]<\/p>\n<p>Mesdames, Messieurs,<\/p>\n<p>Le groupe Sant\u00e9+ est heureux de vous informer de l\u2019ouverture de son centre de formation SP FORMATIONS !<\/p>\n<p>Vous trouverez ci-dessous notre offre compl\u00e8te de formation param\u00e9dicale.<\/p>\n<p>&nbsp;<\/p>\n<p>Nous avons cr\u00e9\u00e9 trois parcours afin de permettre \u00e0 nos apprenants de suivre une formation :<\/p>\n<p>&#8211; Un parcours secr\u00e9taire m\u00e9dical, afin de former des professionnels capables d&rsquo;assurer la bonne organisation administrative d&rsquo;un cabinet m\u00e9dical.<\/p>\n<p>&#8211; Un parcours d\u2019assistant m\u00e9dical, afin de former des professionnels capables d\u2019all\u00e9ger le travail des professionnels de sant\u00e9 et de les aider en prenant en charge des actes m\u00e9dicaux simples.<\/p>\n<p>&#8211; Un parcours d\u2019assistant dentaire, afin de former des professionnels capables de remplir une double fonction : le secr\u00e9tariat et la gestion d&rsquo;un cabinet dentaire ainsi que l&rsquo;aide technique et mat\u00e9rielle au chirurgien-dentiste lors des interventions.<\/p>\n<p>&nbsp;<\/p>\n<p>La formation est un levier puissant de d\u00e9veloppement des comp\u00e9tences et, d\u2019une plus grande efficacit\u00e9 sur le terrain. Elle permet de prendre du recul, de se poser les bonnes questions, d\u2019\u00e9changer avec vos pairs et d\u2019\u00eatre ainsi plus efficace sur le terrain. Nous vous proposons ces 3 parcours de formations (voir \u00e9quipe graphiste pour catalogue), en fonction de vos besoins.<\/p>\n<p>Je serais heureux de pouvoir \u00e9changer sur vos projets de formation et r\u00e9pondre \u00e0 vos questions.<\/p>\n<p>Dans l\u2019attente, veuillez agr\u00e9er Madame, Monsieur, l\u2019assurance de mes salutations distingu\u00e9es.<\/p>\n<p>&nbsp;<\/p>\n<p>&nbsp;<\/p>\n<p style=\"text-align: right;\"><span style=\"text-decoration: underline;\"><strong>Glenn MEROVIL<\/strong><\/span><br \/>Directeur du centre SP Formation<br \/>00.00.00.00.00<br \/><em>g.merovil@sant\u00e9-plus.com<\/em><\/p>\n<p>[\/et_pb_text][\/et_pb_column][\/et_pb_row][\/et_pb_section]<\/p>\n","protected":false},"excerpt":{"rendered":"<p>Fond\u00e9 en 2023, SP Formation a pour but de vous accompagner au mieux dans votre d\u00e9sir de formation afin de devenir l&rsquo;organisme de r\u00e9f\u00e9rence du param\u00e9dical et social.Vous accompagnez vers la r\u00e9ussite de vos objectifs de formationSP formations est un centre de formation sp\u00e9cialis\u00e9 dans la formation m\u00e9dico-sociale: Notre r\u00f4le est de vous pr\u00e9parer \u00e0 [&hellip;]<\/p>\n","protected":false},"author":2,"featured_media":0,"parent":0,"menu_order":0,"comment_status":"closed","ping_status":"closed","template":"","meta":{"_et_pb_use_builder":"on","_et_pb_old_content":"","_et_gb_content_width":"","footnotes":""},"class_list":["post-96","page","type-page","status-publish","hentry"],"_links":{"self":[{"href":"https:\/\/www.sp-formations.eu\/index.php\/wp-json\/wp\/v2\/pages\/96","targetHints":{"allow":["GET"]}}],"collection":[{"href":"https:\/\/www.sp-formations.eu\/index.php\/wp-json\/wp\/v2\/pages"}],"about":[{"href":"https:\/\/www.sp-formations.eu\/index.php\/wp-json\/wp\/v2\/types\/page"}],"author":[{"embeddable":true,"href":"https:\/\/www.sp-formations.eu\/index.php\/wp-json\/wp\/v2\/users\/2"}],"replies":[{"embeddable":true,"href":"https:\/\/www.sp-formations.eu\/index.php\/wp-json\/wp\/v2\/comments?post=96"}],"version-history":[{"count":9,"href":"https:\/\/www.sp-formations.eu\/index.php\/wp-json\/wp\/v2\/pages\/96\/revisions"}],"predecessor-version":[{"id":185,"href":"https:\/\/www.sp-formations.eu\/index.php\/wp-json\/wp\/v2\/pages\/96\/revisions\/185"}],"wp:attachment":[{"href":"https:\/\/www.sp-formations.eu\/index.php\/wp-json\/wp\/v2\/media?parent=96"}],"curies":[{"name":"wp","href":"https:\/\/api.w.org\/{rel}","templated":true}]}}